{"id":35,"date":"2024-08-15T13:50:10","date_gmt":"2024-08-15T13:50:10","guid":{"rendered":"https:\/\/radmed.com.pl\/?page_id=35"},"modified":"2026-05-11T11:37:15","modified_gmt":"2026-05-11T11:37:15","slug":"main-page","status":"publish","type":"page","link":"https:\/\/radmed.com.pl\/index.php\/main-page\/","title":{"rendered":"Strona g\u0142\u00f3wna"},"content":{"rendered":"\n<div class=\"wp-block-group alignfull has-global-padding is-layout-constrained wp-block-group-is-layout-constrained\"><\/div>\n\n\n\n<div class=\"wp-block-group has-global-padding is-layout-constrained wp-container-core-group-is-layout-650790e1 wp-block-group-is-layout-constrained\">\n<h1 class=\"wp-block-heading has-text-align-center has-x-large-font-size\">ul. Struga 53 \u0141\u00f3d\u017a 90-420<\/h1>\n\n\n\n<div style=\"height:1.25rem\" aria-hidden=\"true\" class=\"wp-block-spacer\"><\/div>\n\n\n\n<p class=\"has-text-align-center\">Dy\u017cury telefoniczne poniedzia\u0142ek 15.00 &#8211; 18.00<\/p>\n\n\n\n<div style=\"height:1.25rem\" aria-hidden=\"true\" class=\"wp-block-spacer\"><\/div>\n\n\n\n<p class=\"has-text-align-center\">Telefon: 42 633 93 44<\/p>\n<\/div>\n\n\n\n<div class=\"wp-block-group alignfull has-global-padding is-layout-constrained wp-block-group-is-layout-constrained\">\n<div class=\"wp-block-group alignfull has-base-2-background-color has-background has-global-padding is-layout-constrained wp-container-core-group-is-layout-669513ed wp-block-group-is-layout-constrained\" style=\"margin-top:0;margin-bottom:0;padding-top:var(--wp--preset--spacing--50);padding-right:var(--wp--preset--spacing--50);padding-bottom:var(--wp--preset--spacing--50);padding-left:var(--wp--preset--spacing--50)\">\n<div class=\"wp-block-group is-vertical is-content-justification-center is-layout-flex wp-container-core-group-is-layout-52b864f0 wp-block-group-is-layout-flex\">\n<h2 class=\"wp-block-heading has-text-align-center is-style-asterisk\">Zesp\u00f3\u0142<\/h2>\n\n\n\n<div style=\"height:0px\" aria-hidden=\"true\" class=\"wp-block-spacer wp-container-content-4f2ccadb\"><\/div>\n\n\n\n<p class=\"has-text-align-center\"><\/p>\n<\/div>\n\n\n\n<div class=\"wp-block-group alignwide has-global-padding is-layout-constrained wp-block-group-is-layout-constrained\">\n<div class=\"wp-block-columns alignwide is-layout-flex wp-container-core-columns-is-layout-d0bbbce0 wp-block-columns-is-layout-flex\">\n<div class=\"wp-block-column is-layout-flow wp-container-core-column-is-layout-e3d1c41b wp-block-column-is-layout-flow\">\n<h3 class=\"wp-block-heading has-text-align-left is-style-asterisk has-body-font-family has-medium-font-size\" style=\"font-style:normal;font-weight:600\">dr hab. n. med. prof. UM          Maciej Radek<\/h3>\n\n\n\n<p class=\"has-text-align-left\">specjalista neurochirurg<\/p>\n<\/div>\n\n\n\n<div class=\"wp-block-column is-layout-flow wp-container-core-column-is-layout-e3d1c41b wp-block-column-is-layout-flow\">\n<h3 class=\"wp-block-heading has-text-align-left is-style-asterisk has-body-font-family has-medium-font-size\" style=\"font-style:normal;font-weight:600\">prof. dr hab. n. med.              Andrzej Radek<\/h3>\n\n\n\n<p class=\"has-text-align-left\">specjalista neurochirurg<\/p>\n<\/div>\n\n\n\n<div class=\"wp-block-column is-layout-flow wp-container-core-column-is-layout-e3d1c41b wp-block-column-is-layout-flow\">\n<h3 class=\"wp-block-heading has-text-align-left is-style-asterisk has-body-font-family has-medium-font-size\" style=\"font-style:normal;font-weight:600\">prof. dr hab. n. med.               Jolanta Kunert-Radek<\/h3>\n\n\n\n<p class=\"has-text-align-left\">specjalista chor\u00f3b wewn\u0119trznych i endokrynologii<\/p>\n<\/div>\n<\/div>\n<\/div>\n\n\n\n<div style=\"height:var(--wp--preset--spacing--20)\" aria-hidden=\"true\" class=\"wp-block-spacer\"><\/div>\n\n\n\n<div class=\"wp-block-columns alignwide is-layout-flex wp-container-core-columns-is-layout-d0bbbce0 wp-block-columns-is-layout-flex\">\n<div class=\"wp-block-column is-layout-flow wp-container-core-column-is-layout-e3d1c41b wp-block-column-is-layout-flow\">\n<h3 class=\"wp-block-heading has-text-align-left is-style-asterisk has-body-font-family has-medium-font-size\" style=\"font-style:normal;font-weight:600\">dr n. med.  Marlena Hupa\u0142o<\/h3>\n\n\n\n<p class=\"has-text-align-left\">specjalista neurochirurg<\/p>\n\n\n\n<p>neurofizjologia kliniczna<\/p>\n<\/div>\n\n\n\n<div class=\"wp-block-column is-layout-flow wp-container-core-column-is-layout-e3d1c41b wp-block-column-is-layout-flow\">\n<h3 class=\"wp-block-heading has-text-align-left is-style-asterisk has-body-font-family has-medium-font-size\" style=\"font-style:normal;font-weight:600\">lek. Paulina Radek-Sikorska<\/h3>\n\n\n\n<p class=\"has-text-align-left\">specjalista urolog<\/p>\n<\/div>\n<\/div>\n<\/div>\n<\/div>\n","protected":false},"excerpt":{"rendered":"<p>ul. Struga 53 \u0141\u00f3d\u017a 90-420 Dy\u017cury telefoniczne poniedzia\u0142ek 15.00 &#8211; 18.00 Telefon: 42 633 93 44 Zesp\u00f3\u0142 dr hab. n. med. prof. UM Maciej Radek specjalista neurochirurg prof. dr hab. n. med. Andrzej Radek specjalista neurochirurg prof. dr hab. n. med. Jolanta Kunert-Radek specjalista chor\u00f3b wewn\u0119trznych i endokrynologii dr n. med. Marlena Hupa\u0142o specjalista neurochirurg [&hellip;]<\/p>\n","protected":false},"author":1,"featured_media":0,"parent":0,"menu_order":0,"comment_status":"closed","ping_status":"closed","template":"page-no-title","meta":{"footnotes":""},"class_list":["post-35","page","type-page","status-publish","hentry"],"_links":{"self":[{"href":"https:\/\/radmed.com.pl\/index.php\/wp-json\/wp\/v2\/pages\/35","targetHints":{"allow":["GET"]}}],"collection":[{"href":"https:\/\/radmed.com.pl\/index.php\/wp-json\/wp\/v2\/pages"}],"about":[{"href":"https:\/\/radmed.com.pl\/index.php\/wp-json\/wp\/v2\/types\/page"}],"author":[{"embeddable":true,"href":"https:\/\/radmed.com.pl\/index.php\/wp-json\/wp\/v2\/users\/1"}],"replies":[{"embeddable":true,"href":"https:\/\/radmed.com.pl\/index.php\/wp-json\/wp\/v2\/comments?post=35"}],"version-history":[{"count":8,"href":"https:\/\/radmed.com.pl\/index.php\/wp-json\/wp\/v2\/pages\/35\/revisions"}],"predecessor-version":[{"id":102,"href":"https:\/\/radmed.com.pl\/index.php\/wp-json\/wp\/v2\/pages\/35\/revisions\/102"}],"wp:attachment":[{"href":"https:\/\/radmed.com.pl\/index.php\/wp-json\/wp\/v2\/media?parent=35"}],"curies":[{"name":"wp","href":"https:\/\/api.w.org\/{rel}","templated":true}]}}